{"id":7983,"date":"2025-05-08T06:16:12","date_gmt":"2025-05-08T03:16:12","guid":{"rendered":"https:\/\/yacht.lumosframe.com\/?page_id=7983"},"modified":"2025-06-02T04:47:29","modified_gmt":"2025-06-02T01:47:29","slug":"guzergahlar","status":"publish","type":"page","link":"https:\/\/inforayachting.com\/tr_tr\/guzergahlar\/","title":{"rendered":"G\u00fczergahlar"},"content":{"rendered":"\t\t<div data-elementor-type=\"wp-page\" data-elementor-id=\"7983\" class=\"elementor elementor-7983\" data-elementor-post-type=\"page\">\n\t\t\t\t<div class=\"elementor-element elementor-element-33d561b e-flex e-con-boxed e-con e-parent\" data-id=\"33d561b\" data-element_type=\"container\" data-settings=\"{&quot;background_background&quot;:&quot;classic&quot;}\">\n\t\t\t\t\t<div class=\"e-con-inner\">\n\t\t\t\t<div class=\"elementor-element elementor-element-40d3773 elementor-widget elementor-widget-heading\" data-id=\"40d3773\" data-element_type=\"widget\" data-widget_type=\"heading.default\">\n\t\t\t\t<div class=\"elementor-widget-container\">\n\t\t\t\t\t<h2 class=\"elementor-heading-title elementor-size-default\">G\u00dcZERGAHLAR<\/h2>\t\t\t\t<\/div>\n\t\t\t\t<\/div>\n\t\t\t\t<div class=\"elementor-element elementor-element-aceeb0d elementor-widget elementor-widget-breadcrumbs\" data-id=\"aceeb0d\" data-element_type=\"widget\" data-widget_type=\"breadcrumbs.default\">\n\t\t\t\t<div class=\"elementor-widget-container\">\n\t\t\t\t\t<p id=\"breadcrumbs\"><span><span><a href=\"https:\/\/inforayachting.com\/\">Anasayfa<\/a><\/span><\/span><\/p>\t\t\t\t<\/div>\n\t\t\t\t<\/div>\n\t\t\t\t\t<\/div>\n\t\t\t\t<\/div>\n\t\t<div class=\"elementor-element elementor-element-72fbb40 e-flex e-con-boxed e-con e-parent\" data-id=\"72fbb40\" data-element_type=\"container\">\n\t\t\t\t\t<div class=\"e-con-inner\">\n\t\t\t\t<div class=\"elementor-element elementor-element-09fa4fd elementor-widget elementor-widget-spacer\" data-id=\"09fa4fd\" data-element_type=\"widget\" data-widget_type=\"spacer.default\">\n\t\t\t\t<div class=\"elementor-widget-container\">\n\t\t\t\t\t\t\t<div class=\"elementor-spacer\">\n\t\t\t<div class=\"elementor-spacer-inner\"><\/div>\n\t\t<\/div>\n\t\t\t\t\t\t<\/div>\n\t\t\t\t<\/div>\n\t\t<div class=\"elementor-element elementor-element-09d71e0 e-con-full e-flex e-con e-child\" data-id=\"09d71e0\" data-element_type=\"container\">\n\t\t<div class=\"elementor-element elementor-element-6c1893b e-con-full e-flex e-con e-child\" data-id=\"6c1893b\" data-element_type=\"container\">\n\t\t\t\t<div class=\"elementor-element elementor-element-5202a22 elementor-widget elementor-widget-heading\" data-id=\"5202a22\" data-element_type=\"widget\" data-widget_type=\"heading.default\">\n\t\t\t\t<div class=\"elementor-widget-container\">\n\t\t\t\t\t<h2 class=\"elementor-heading-title elementor-size-default\">Ke\u015ffedilmeyi Bekleyen Mavi Cennetler<\/h2>\t\t\t\t<\/div>\n\t\t\t\t<\/div>\n\t\t\t\t<div class=\"elementor-element elementor-element-77ab760 elementor-widget elementor-widget-text-editor\" data-id=\"77ab760\" data-element_type=\"widget\" data-widget_type=\"text-editor.default\">\n\t\t\t\t<div class=\"elementor-widget-container\">\n\t\t\t\t\t\t\t\t\t<p>T\u00fcrkiye&#8217;nin e\u015fsiz k\u0131y\u0131lar\u0131nda, do\u011fan\u0131n ve tarihin bulu\u015ftu\u011fu noktalarda muhte\u015fem g\u00fczergahlar sizleri bekliyor. Profesyonel ekibimizin deneyimiyle haz\u0131rlanan rotalar\u0131m\u0131z, Ege ve Akdeniz&#8217;in en g\u00fczel koylar\u0131n\u0131, gizli plajlar\u0131n\u0131 ve tarihi yerlerini i\u00e7eriyor. Bodrum&#8217;dan Antalya&#8217;ya, Marmaris&#8217;ten Fethiye ve G\u00f6cek&#8217;e uzanan g\u00fczergahlar\u0131m\u0131zda, her damak zevkine ve beklentiye uygun se\u00e7enekler sunuyoruz. \u0130ster romantik bir ka\u00e7amak, ister arkada\u015f grubuyla e\u011flenceli bir tur, isterseniz ailece huzurlu bir tatil i\u00e7in sizlere \u00f6zel g\u00fczergahlar haz\u0131rl\u0131yoruz. Mavi yolculu\u011funuzda size rehberlik etmekten mutluluk duyar\u0131z.<\/p>\t\t\t\t\t\t\t\t<\/div>\n\t\t\t\t<\/div>\n\t\t\t\t<\/div>\n\t\t<div class=\"elementor-element elementor-element-cd96fef e-con-full e-flex e-con e-child\" data-id=\"cd96fef\" data-element_type=\"container\">\n\t\t\t\t<div class=\"elementor-element elementor-element-cc7d41b elementor-widget elementor-widget-image\" data-id=\"cc7d41b\" data-element_type=\"widget\" data-widget_type=\"image.default\">\n\t\t\t\t<div class=\"elementor-widget-container\">\n\t\t\t\t\t\t\t\t\t\t\t\t\t\t\t<img fetchpriority=\"high\" decoding=\"async\" width=\"800\" height=\"355\" src=\"https:\/\/inforayachting.com\/wp-content\/uploads\/2025\/05\/about-us-bg-1024x454.jpg\" class=\"attachment-large size-large wp-image-7904\" alt=\"\" srcset=\"https:\/\/inforayachting.com\/wp-content\/uploads\/2025\/05\/about-us-bg-1024x454.jpg 1024w, https:\/\/inforayachting.com\/wp-content\/uploads\/2025\/05\/about-us-bg-300x133.jpg 300w, https:\/\/inforayachting.com\/wp-content\/uploads\/2025\/05\/about-us-bg-768x340.jpg 768w, https:\/\/inforayachting.com\/wp-content\/uploads\/2025\/05\/about-us-bg-600x266.jpg 600w, https:\/\/inforayachting.com\/wp-content\/uploads\/2025\/05\/about-us-bg.jpg 1043w\" sizes=\"(max-width: 800px) 100vw, 800px\" \/>\t\t\t\t\t\t\t\t\t\t\t\t\t\t\t<\/div>\n\t\t\t\t<\/div>\n\t\t\t\t<\/div>\n\t\t\t\t<\/div>\n\t\t<div class=\"elementor-element elementor-element-82a1dff e-con-full e-flex e-con e-child\" data-id=\"82a1dff\" data-element_type=\"container\">\n\t\t\t\t<div class=\"elementor-element elementor-element-8d7850d elementor-widget elementor-widget-destinations_grid\" data-id=\"8d7850d\" data-element_type=\"widget\" data-widget_type=\"destinations_grid.default\">\n\t\t\t\t<div class=\"elementor-widget-container\">\n\t\t\t\t\t        <div class=\"destinations-grid-container\">\r\n            <div class=\"destinations-grid grid-desktop-3 grid-tablet-2 grid-mobile-1\">\r\n                                    <div class=\"destination-grid-item\">\r\n                                                <a href=\"#\" target=\"_blank\" rel=\"nofollow\">\r\n                                                    <div class=\"destination-tile\" style=\"background-image: url('https:\/\/inforayachting.com\/wp-content\/uploads\/2025\/05\/Explore-the-Bodrum-.jpg');\">\r\n                                <div class=\"destination-overlay\">\r\n                                    <div class=\"destination-name\">Bodrum<\/div>\r\n                                <\/div>\r\n                            <\/div>\r\n                                                <\/a>\r\n                                            <\/div>\r\n                                    <div class=\"destination-grid-item\">\r\n                                                <a href=\"#\" target=\"_blank\" rel=\"nofollow\">\r\n                                                    <div class=\"destination-tile\" style=\"background-image: url('https:\/\/inforayachting.com\/wp-content\/uploads\/2025\/05\/227626.jpg');\">\r\n                                <div class=\"destination-overlay\">\r\n                                    <div class=\"destination-name\">G\u00f6kova<\/div>\r\n                                <\/div>\r\n                            <\/div>\r\n                                                <\/a>\r\n                                            <\/div>\r\n                                    <div class=\"destination-grid-item\">\r\n                                                <a href=\"#\" target=\"_blank\" rel=\"nofollow\">\r\n                                                    <div class=\"destination-tile\" style=\"background-image: url('https:\/\/inforayachting.com\/wp-content\/uploads\/2025\/05\/Marmaris-Hisaronu-1.jpg');\">\r\n                                <div class=\"destination-overlay\">\r\n                                    <div class=\"destination-name\">Hisar\u00f6n\u00fc<\/div>\r\n                                <\/div>\r\n                            <\/div>\r\n                                                <\/a>\r\n                                            <\/div>\r\n                                    <div class=\"destination-grid-item\">\r\n                                                <a href=\"#\" target=\"_blank\" rel=\"nofollow\">\r\n                                                    <div class=\"destination-tile\" style=\"background-image: url('https:\/\/inforayachting.com\/wp-content\/uploads\/2025\/06\/Fethiye-1-scaled.jpg');\">\r\n                                <div class=\"destination-overlay\">\r\n                                    <div class=\"destination-name\">Fethiye<\/div>\r\n                                <\/div>\r\n                            <\/div>\r\n                                                <\/a>\r\n                                            <\/div>\r\n                                    <div class=\"destination-grid-item\">\r\n                                                <a href=\"#\" target=\"_blank\" rel=\"nofollow\">\r\n                                                    <div class=\"destination-tile\" style=\"background-image: url('https:\/\/inforayachting.com\/wp-content\/uploads\/2025\/06\/kekova-castle-by-night.jpg');\">\r\n                                <div class=\"destination-overlay\">\r\n                                    <div class=\"destination-name\">Kekova<\/div>\r\n                                <\/div>\r\n                            <\/div>\r\n                                                <\/a>\r\n                                            <\/div>\r\n                                    <div class=\"destination-grid-item\">\r\n                                                <a href=\"#\" target=\"_blank\" rel=\"nofollow\">\r\n                                                    <div class=\"destination-tile\" style=\"background-image: url('https:\/\/inforayachting.com\/wp-content\/uploads\/2025\/06\/Marmaris_harbor_aerial_view_Mugla_Province_southwest_Turkey_Mediterranean.jpg');\">\r\n                                <div class=\"destination-overlay\">\r\n                                    <div class=\"destination-name\">Marmaris<\/div>\r\n                                <\/div>\r\n                            <\/div>\r\n                                                <\/a>\r\n                                            <\/div>\r\n                                    <div class=\"destination-grid-item\">\r\n                                                    <div class=\"destination-tile\" style=\"background-image: url('https:\/\/inforayachting.com\/wp-content\/uploads\/2025\/06\/8e06ca29-b4eb-463a-9579-a1fff2a67217_full-day-guided-yacht-tour-in-antalya-waterfalls-with-pickup-xlarge.jpg');\">\r\n                                <div class=\"destination-overlay\">\r\n                                    <div class=\"destination-name\">Antalya<\/div>\r\n                                <\/div>\r\n                            <\/div>\r\n                                            <\/div>\r\n                                    <div class=\"destination-grid-item\">\r\n                                                    <div class=\"destination-tile\" style=\"background-image: url('https:\/\/inforayachting.com\/wp-content\/uploads\/2025\/06\/yassica-islands.webp');\">\r\n                                <div class=\"destination-overlay\">\r\n                                    <div class=\"destination-name\">G\u00f6cek<\/div>\r\n                                <\/div>\r\n                            <\/div>\r\n                                            <\/div>\r\n                                    <div class=\"destination-grid-item\">\r\n                                                    <div class=\"destination-tile\" style=\"background-image: url('https:\/\/inforayachting.com\/wp-content\/uploads\/2025\/06\/Bozburun-gezi-rehberi-ve-tekne-turlari-kapak.jpg');\">\r\n                                <div class=\"destination-overlay\">\r\n                                    <div class=\"destination-name\">Bozburun<\/div>\r\n                                <\/div>\r\n                            <\/div>\r\n                                            <\/div>\r\n                                    <div class=\"destination-grid-item\">\r\n                                                    <div class=\"destination-tile\" style=\"background-image: url('https:\/\/inforayachting.com\/wp-content\/uploads\/2025\/06\/mykonos-yacht-day-trip-guide-2.jpg');\">\r\n                                <div class=\"destination-overlay\">\r\n                                    <div class=\"destination-name\">Mykonos<\/div>\r\n                                <\/div>\r\n                            <\/div>\r\n                                            <\/div>\r\n                                    <div class=\"destination-grid-item\">\r\n                                                    <div class=\"destination-tile\" style=\"background-image: url('https:\/\/inforayachting.com\/wp-content\/uploads\/2025\/06\/dji_fly_20240712_121236_101_1720775587219_photo-scaled-1.webp');\">\r\n                                <div class=\"destination-overlay\">\r\n                                    <div class=\"destination-name\">Rodos<\/div>\r\n                                <\/div>\r\n                            <\/div>\r\n                                            <\/div>\r\n                                    <div class=\"destination-grid-item\">\r\n                                                    <div class=\"destination-tile\" style=\"background-image: url('https:\/\/inforayachting.com\/wp-content\/uploads\/2025\/06\/Kos-IslandGreece.jpg');\">\r\n                                <div class=\"destination-overlay\">\r\n                                    <div class=\"destination-name\">Kos<\/div>\r\n                                <\/div>\r\n                            <\/div>\r\n                                            <\/div>\r\n                            <\/div>\r\n        <\/div>\r\n        \t\t\t\t<\/div>\n\t\t\t\t<\/div>\n\t\t\t\t<\/div>\n\t\t\t\t<div class=\"elementor-element elementor-element-b53b68f elementor-widget elementor-widget-spacer\" data-id=\"b53b68f\" data-element_type=\"widget\" data-widget_type=\"spacer.default\">\n\t\t\t\t<div class=\"elementor-widget-container\">\n\t\t\t\t\t\t\t<div class=\"elementor-spacer\">\n\t\t\t<div class=\"elementor-spacer-inner\"><\/div>\n\t\t<\/div>\n\t\t\t\t\t\t<\/div>\n\t\t\t\t<\/div>\n\t\t\t\t\t<\/div>\n\t\t\t\t<\/div>\n\t\t\t\t<\/div>\n\t\t","protected":false},"excerpt":{"rendered":"<p>G\u00dcZERGAHLAR Ke\u015ffedilmeyi Bekleyen Mavi Cennetler T\u00fcrkiye&#8217;nin e\u015fsiz k\u0131y\u0131lar\u0131nda, do\u011fan\u0131n ve tarihin bulu\u015ftu\u011fu noktalarda muhte\u015fem g\u00fczergahlar sizleri bekliyor. Profesyonel ekibimizin deneyimiyle haz\u0131rlanan rotalar\u0131m\u0131z, Ege ve Akdeniz&#8217;in en g\u00fczel koylar\u0131n\u0131, gizli plajlar\u0131n\u0131 ve tarihi yerlerini i\u00e7eriyor. Bodrum&#8217;dan Antalya&#8217;ya, Marmaris&#8217;ten Fethiye ve G\u00f6cek&#8217;e uzanan g\u00fczergahlar\u0131m\u0131zda, her damak zevkine ve beklentiye uygun se\u00e7enekler sunuyoruz. \u0130ster romantik bir ka\u00e7amak, ister [&hellip;]<\/p>\n","protected":false},"author":1,"featured_media":0,"parent":0,"menu_order":0,"comment_status":"closed","ping_status":"closed","template":"","meta":{"footnotes":""},"class_list":["post-7983","page","type-page","status-publish","hentry"],"yoast_head":"<!-- This site is optimized with the Yoast SEO plugin v25.0 - https:\/\/yoast.com\/wordpress\/plugins\/seo\/ -->\n<title>G\u00fczergahlar -<\/title>\n<meta name=\"robots\" content=\"index, follow, max-snippet:-1, max-image-preview:large, max-video-preview:-1\" \/>\n<link rel=\"canonical\" href=\"https:\/\/inforayachting.com\/tr_tr\/guzergahlar\/\" \/>\n<meta property=\"og:locale\" content=\"tr_TR\" \/>\n<meta property=\"og:type\" content=\"article\" \/>\n<meta property=\"og:title\" content=\"G\u00fczergahlar -\" \/>\n<meta property=\"og:description\" content=\"G\u00dcZERGAHLAR Ke\u015ffedilmeyi Bekleyen Mavi Cennetler T\u00fcrkiye&#8217;nin e\u015fsiz k\u0131y\u0131lar\u0131nda, do\u011fan\u0131n ve tarihin bulu\u015ftu\u011fu noktalarda muhte\u015fem g\u00fczergahlar sizleri bekliyor. Profesyonel ekibimizin deneyimiyle haz\u0131rlanan rotalar\u0131m\u0131z, Ege ve Akdeniz&#8217;in en g\u00fczel koylar\u0131n\u0131, gizli plajlar\u0131n\u0131 ve tarihi yerlerini i\u00e7eriyor. Bodrum&#8217;dan Antalya&#8217;ya, Marmaris&#8217;ten Fethiye ve G\u00f6cek&#8217;e uzanan g\u00fczergahlar\u0131m\u0131zda, her damak zevkine ve beklentiye uygun se\u00e7enekler sunuyoruz. \u0130ster romantik bir ka\u00e7amak, ister [&hellip;]\" \/>\n<meta property=\"og:url\" content=\"https:\/\/inforayachting.com\/tr_tr\/guzergahlar\/\" \/>\n<meta property=\"article:modified_time\" content=\"2025-06-02T01:47:29+00:00\" \/>\n<meta property=\"og:image\" content=\"https:\/\/inforayachting.com\/wp-content\/uploads\/2025\/05\/about-us-bg.jpg\" \/>\n\t<meta property=\"og:image:width\" content=\"1043\" \/>\n\t<meta property=\"og:image:height\" content=\"462\" \/>\n\t<meta property=\"og:image:type\" content=\"image\/jpeg\" \/>\n<meta name=\"twitter:card\" content=\"summary_large_image\" \/>\n<meta name=\"twitter:label1\" content=\"Tahmini okuma s\u00fcresi\" \/>\n\t<meta name=\"twitter:data1\" content=\"1 dakika\" \/>\n<script type=\"application\/ld+json\" class=\"yoast-schema-graph\">{\"@context\":\"https:\/\/schema.org\",\"@graph\":[{\"@type\":\"WebPage\",\"@id\":\"https:\/\/inforayachting.com\/guzergahlar\/\",\"url\":\"https:\/\/inforayachting.com\/guzergahlar\/\",\"name\":\"G\u00fczergahlar -\",\"isPartOf\":{\"@id\":\"https:\/\/inforayachting.com\/#website\"},\"primaryImageOfPage\":{\"@id\":\"https:\/\/inforayachting.com\/guzergahlar\/#primaryimage\"},\"image\":{\"@id\":\"https:\/\/inforayachting.com\/guzergahlar\/#primaryimage\"},\"thumbnailUrl\":\"https:\/\/inforayachting.com\/wp-content\/uploads\/2025\/05\/about-us-bg-1024x454.jpg\",\"datePublished\":\"2025-05-08T03:16:12+00:00\",\"dateModified\":\"2025-06-02T01:47:29+00:00\",\"breadcrumb\":{\"@id\":\"https:\/\/inforayachting.com\/guzergahlar\/#breadcrumb\"},\"inLanguage\":\"tr\",\"potentialAction\":[{\"@type\":\"ReadAction\",\"target\":[\"https:\/\/inforayachting.com\/guzergahlar\/\"]}]},{\"@type\":\"ImageObject\",\"inLanguage\":\"tr\",\"@id\":\"https:\/\/inforayachting.com\/guzergahlar\/#primaryimage\",\"url\":\"https:\/\/inforayachting.com\/wp-content\/uploads\/2025\/05\/about-us-bg-1024x454.jpg\",\"contentUrl\":\"https:\/\/inforayachting.com\/wp-content\/uploads\/2025\/05\/about-us-bg-1024x454.jpg\"},{\"@type\":\"BreadcrumbList\",\"@id\":\"https:\/\/inforayachting.com\/guzergahlar\/#breadcrumb\",\"itemListElement\":[{\"@type\":\"ListItem\",\"position\":1,\"name\":\"Anasayfa\",\"item\":\"https:\/\/inforayachting.com\/\"},{\"@type\":\"ListItem\",\"position\":2,\"name\":\"G\u00fczergahlar\"}]},{\"@type\":\"WebSite\",\"@id\":\"https:\/\/inforayachting.com\/#website\",\"url\":\"https:\/\/inforayachting.com\/\",\"name\":\"\",\"description\":\"\",\"potentialAction\":[{\"@type\":\"SearchAction\",\"target\":{\"@type\":\"EntryPoint\",\"urlTemplate\":\"https:\/\/inforayachting.com\/?s={search_term_string}\"},\"query-input\":{\"@type\":\"PropertyValueSpecification\",\"valueRequired\":true,\"valueName\":\"search_term_string\"}}],\"inLanguage\":\"tr\"}]}<\/script>\n<!-- \/ Yoast SEO plugin. -->","yoast_head_json":{"title":"G\u00fczergahlar -","robots":{"index":"index","follow":"follow","max-snippet":"max-snippet:-1","max-image-preview":"max-image-preview:large","max-video-preview":"max-video-preview:-1"},"canonical":"https:\/\/inforayachting.com\/tr_tr\/guzergahlar\/","og_locale":"tr_TR","og_type":"article","og_title":"G\u00fczergahlar -","og_description":"G\u00dcZERGAHLAR Ke\u015ffedilmeyi Bekleyen Mavi Cennetler T\u00fcrkiye&#8217;nin e\u015fsiz k\u0131y\u0131lar\u0131nda, do\u011fan\u0131n ve tarihin bulu\u015ftu\u011fu noktalarda muhte\u015fem g\u00fczergahlar sizleri bekliyor. Profesyonel ekibimizin deneyimiyle haz\u0131rlanan rotalar\u0131m\u0131z, Ege ve Akdeniz&#8217;in en g\u00fczel koylar\u0131n\u0131, gizli plajlar\u0131n\u0131 ve tarihi yerlerini i\u00e7eriyor. Bodrum&#8217;dan Antalya&#8217;ya, Marmaris&#8217;ten Fethiye ve G\u00f6cek&#8217;e uzanan g\u00fczergahlar\u0131m\u0131zda, her damak zevkine ve beklentiye uygun se\u00e7enekler sunuyoruz. \u0130ster romantik bir ka\u00e7amak, ister [&hellip;]","og_url":"https:\/\/inforayachting.com\/tr_tr\/guzergahlar\/","article_modified_time":"2025-06-02T01:47:29+00:00","og_image":[{"width":1043,"height":462,"url":"https:\/\/inforayachting.com\/wp-content\/uploads\/2025\/05\/about-us-bg.jpg","type":"image\/jpeg"}],"twitter_card":"summary_large_image","twitter_misc":{"Tahmini okuma s\u00fcresi":"1 dakika"},"schema":{"@context":"https:\/\/schema.org","@graph":[{"@type":"WebPage","@id":"https:\/\/inforayachting.com\/guzergahlar\/","url":"https:\/\/inforayachting.com\/guzergahlar\/","name":"G\u00fczergahlar -","isPartOf":{"@id":"https:\/\/inforayachting.com\/#website"},"primaryImageOfPage":{"@id":"https:\/\/inforayachting.com\/guzergahlar\/#primaryimage"},"image":{"@id":"https:\/\/inforayachting.com\/guzergahlar\/#primaryimage"},"thumbnailUrl":"https:\/\/inforayachting.com\/wp-content\/uploads\/2025\/05\/about-us-bg-1024x454.jpg","datePublished":"2025-05-08T03:16:12+00:00","dateModified":"2025-06-02T01:47:29+00:00","breadcrumb":{"@id":"https:\/\/inforayachting.com\/guzergahlar\/#breadcrumb"},"inLanguage":"tr","potentialAction":[{"@type":"ReadAction","target":["https:\/\/inforayachting.com\/guzergahlar\/"]}]},{"@type":"ImageObject","inLanguage":"tr","@id":"https:\/\/inforayachting.com\/guzergahlar\/#primaryimage","url":"https:\/\/inforayachting.com\/wp-content\/uploads\/2025\/05\/about-us-bg-1024x454.jpg","contentUrl":"https:\/\/inforayachting.com\/wp-content\/uploads\/2025\/05\/about-us-bg-1024x454.jpg"},{"@type":"BreadcrumbList","@id":"https:\/\/inforayachting.com\/guzergahlar\/#breadcrumb","itemListElement":[{"@type":"ListItem","position":1,"name":"Anasayfa","item":"https:\/\/inforayachting.com\/"},{"@type":"ListItem","position":2,"name":"G\u00fczergahlar"}]},{"@type":"WebSite","@id":"https:\/\/inforayachting.com\/#website","url":"https:\/\/inforayachting.com\/","name":"","description":"","potentialAction":[{"@type":"SearchAction","target":{"@type":"EntryPoint","urlTemplate":"https:\/\/inforayachting.com\/?s={search_term_string}"},"query-input":{"@type":"PropertyValueSpecification","valueRequired":true,"valueName":"search_term_string"}}],"inLanguage":"tr"}]}},"_links":{"self":[{"href":"https:\/\/inforayachting.com\/tr_tr\/wp-json\/wp\/v2\/pages\/7983","targetHints":{"allow":["GET"]}}],"collection":[{"href":"https:\/\/inforayachting.com\/tr_tr\/wp-json\/wp\/v2\/pages"}],"about":[{"href":"https:\/\/inforayachting.com\/tr_tr\/wp-json\/wp\/v2\/types\/page"}],"author":[{"embeddable":true,"href":"https:\/\/inforayachting.com\/tr_tr\/wp-json\/wp\/v2\/users\/1"}],"replies":[{"embeddable":true,"href":"https:\/\/inforayachting.com\/tr_tr\/wp-json\/wp\/v2\/comments?post=7983"}],"version-history":[{"count":52,"href":"https:\/\/inforayachting.com\/tr_tr\/wp-json\/wp\/v2\/pages\/7983\/revisions"}],"predecessor-version":[{"id":8566,"href":"https:\/\/inforayachting.com\/tr_tr\/wp-json\/wp\/v2\/pages\/7983\/revisions\/8566"}],"wp:attachment":[{"href":"https:\/\/inforayachting.com\/tr_tr\/wp-json\/wp\/v2\/media?parent=7983"}],"curies":[{"name":"wp","href":"https:\/\/api.w.org\/{rel}","templated":true}]}}