{"id":8114,"date":"2025-05-09T06:01:25","date_gmt":"2025-05-09T03:01:25","guid":{"rendered":"https:\/\/yacht.lumosframe.com\/?page_id=8114"},"modified":"2025-05-10T03:25:12","modified_gmt":"2025-05-10T00:25:12","slug":"blog-haberler","status":"publish","type":"page","link":"https:\/\/inforayachting.com\/tr_tr\/blog-haberler\/","title":{"rendered":"Blog\/Haberler"},"content":{"rendered":"\t\t<div data-elementor-type=\"wp-page\" data-elementor-id=\"8114\" class=\"elementor elementor-8114\" data-elementor-post-type=\"page\">\n\t\t\t\t<div class=\"elementor-element elementor-element-8e288dd e-flex e-con-boxed e-con e-parent\" data-id=\"8e288dd\" data-element_type=\"container\" data-settings=\"{&quot;background_background&quot;:&quot;classic&quot;}\">\n\t\t\t\t\t<div class=\"e-con-inner\">\n\t\t\t\t<div class=\"elementor-element elementor-element-e43f95a elementor-widget elementor-widget-heading\" data-id=\"e43f95a\" data-element_type=\"widget\" data-widget_type=\"heading.default\">\n\t\t\t\t<div class=\"elementor-widget-container\">\n\t\t\t\t\t<h2 class=\"elementor-heading-title elementor-size-default\">BLOG\/HABERLER<\/h2>\t\t\t\t<\/div>\n\t\t\t\t<\/div>\n\t\t\t\t<div class=\"elementor-element elementor-element-1ae0ec8 elementor-widget elementor-widget-breadcrumbs\" data-id=\"1ae0ec8\" data-element_type=\"widget\" data-widget_type=\"breadcrumbs.default\">\n\t\t\t\t<div class=\"elementor-widget-container\">\n\t\t\t\t\t<p id=\"breadcrumbs\"><span><span><a href=\"https:\/\/inforayachting.com\/\">Anasayfa<\/a><\/span><\/span><\/p>\t\t\t\t<\/div>\n\t\t\t\t<\/div>\n\t\t\t\t\t<\/div>\n\t\t\t\t<\/div>\n\t\t<div class=\"elementor-element elementor-element-15a052c e-flex e-con-boxed e-con e-parent\" data-id=\"15a052c\" data-element_type=\"container\">\n\t\t\t\t\t<div class=\"e-con-inner\">\n\t\t\t\t<div class=\"elementor-element elementor-element-5ead835 elementor-widget elementor-widget-spacer\" data-id=\"5ead835\" data-element_type=\"widget\" data-widget_type=\"spacer.default\">\n\t\t\t\t<div class=\"elementor-widget-container\">\n\t\t\t\t\t\t\t<div class=\"elementor-spacer\">\n\t\t\t<div class=\"elementor-spacer-inner\"><\/div>\n\t\t<\/div>\n\t\t\t\t\t\t<\/div>\n\t\t\t\t<\/div>\n\t\t\t\t<div class=\"elementor-element elementor-element-29627c7 elementor-grid-3 elementor-grid-tablet-2 elementor-grid-mobile-1 elementor-posts--thumbnail-top elementor-widget elementor-widget-posts\" data-id=\"29627c7\" data-element_type=\"widget\" data-settings=\"{&quot;classic_columns&quot;:&quot;3&quot;,&quot;classic_columns_tablet&quot;:&quot;2&quot;,&quot;classic_columns_mobile&quot;:&quot;1&quot;,&quot;classic_row_gap&quot;:{&quot;unit&quot;:&quot;px&quot;,&quot;size&quot;:35,&quot;sizes&quot;:[]},&quot;classic_row_gap_tablet&quot;:{&quot;unit&quot;:&quot;px&quot;,&quot;size&quot;:&quot;&quot;,&quot;sizes&quot;:[]},&quot;classic_row_gap_mobile&quot;:{&quot;unit&quot;:&quot;px&quot;,&quot;size&quot;:&quot;&quot;,&quot;sizes&quot;:[]}}\" data-widget_type=\"posts.classic\">\n\t\t\t\t<div class=\"elementor-widget-container\">\n\t\t\t\t\t\t\t<div class=\"elementor-posts-container elementor-posts elementor-posts--skin-classic elementor-grid\">\n\t\t\t\t<article class=\"elementor-post elementor-grid-item post-8596 post type-post status-publish format-standard has-post-thumbnail hentry category-genel\">\n\t\t\t\t<a class=\"elementor-post__thumbnail__link\" href=\"https:\/\/inforayachting.com\/tr_tr\/bodrumda-tekne-kiralama-rehberi-2025\/\" tabindex=\"-1\" >\n\t\t\t<div class=\"elementor-post__thumbnail\"><img fetchpriority=\"high\" decoding=\"async\" width=\"800\" height=\"480\" src=\"https:\/\/inforayachting.com\/wp-content\/uploads\/2025\/12\/boat-rentals-mugla-mugla-0-processed-1024x615.avif\" class=\"attachment-large size-large wp-image-8607\" alt=\"\" srcset=\"https:\/\/inforayachting.com\/wp-content\/uploads\/2025\/12\/boat-rentals-mugla-mugla-0-processed-1024x615.avif 1024w, https:\/\/inforayachting.com\/wp-content\/uploads\/2025\/12\/boat-rentals-mugla-mugla-0-processed-300x180.avif 300w, https:\/\/inforayachting.com\/wp-content\/uploads\/2025\/12\/boat-rentals-mugla-mugla-0-processed-768x461.avif 768w, https:\/\/inforayachting.com\/wp-content\/uploads\/2025\/12\/boat-rentals-mugla-mugla-0-processed-1536x923.avif 1536w, https:\/\/inforayachting.com\/wp-content\/uploads\/2025\/12\/boat-rentals-mugla-mugla-0-processed-2048x1230.avif 2048w, https:\/\/inforayachting.com\/wp-content\/uploads\/2025\/12\/boat-rentals-mugla-mugla-0-processed-18x12.avif 18w, https:\/\/inforayachting.com\/wp-content\/uploads\/2025\/12\/boat-rentals-mugla-mugla-0-processed-600x360.avif 600w\" sizes=\"(max-width: 800px) 100vw, 800px\" \/><\/div>\n\t\t<\/a>\n\t\t\t\t<div class=\"elementor-post__text\">\n\t\t\t\t<h3 class=\"elementor-post__title\">\n\t\t\t<a href=\"https:\/\/inforayachting.com\/tr_tr\/bodrumda-tekne-kiralama-rehberi-2025\/\" >\n\t\t\t\tBodrum&#8217;da Tekne Kiralama Rehberi 2025\t\t\t<\/a>\n\t\t<\/h3>\n\t\t\t\t<div class=\"elementor-post__meta-data\">\n\t\t\t\t\t<span class=\"elementor-post-avatar\">\n\t\t\tYorum yap\u0131lmam\u0131\u015f\t\t<\/span>\n\t\t\t\t<\/div>\n\t\t\t\t<div class=\"elementor-post__excerpt\">\n\t\t\t<p>Bodrum&#8217;dan Yunan Adalar\u0131na Tekne Turu: Ege&#8217;nin \u0130ki Y\u00fcz\u00fc Bodrum&#8217;un hemen kar\u015f\u0131s\u0131nda, Ege Denizi&#8217;nin berrak sular\u0131nda uzanan Yunan adalar\u0131, tekne ile kolayca ula\u015f\u0131labilir bir cennet. Beyaz<\/p>\n\t\t<\/div>\n\t\t\n\t\t<a class=\"elementor-post__read-more\" href=\"https:\/\/inforayachting.com\/tr_tr\/bodrumda-tekne-kiralama-rehberi-2025\/\" aria-label=\"Read more about Bodrum&#8217;da Tekne Kiralama Rehberi 2025\" tabindex=\"-1\" >\n\t\t\tDetayl\u0131 Bilgi \u00bb\t\t<\/a>\n\n\t\t\t\t<\/div>\n\t\t\t\t<\/article>\n\t\t\t\t<\/div>\n\t\t\n\t\t\t\t\t\t<\/div>\n\t\t\t\t<\/div>\n\t\t\t\t<div class=\"elementor-element elementor-element-8d8ef57 elementor-widget elementor-widget-spacer\" data-id=\"8d8ef57\" data-element_type=\"widget\" data-widget_type=\"spacer.default\">\n\t\t\t\t<div class=\"elementor-widget-container\">\n\t\t\t\t\t\t\t<div class=\"elementor-spacer\">\n\t\t\t<div class=\"elementor-spacer-inner\"><\/div>\n\t\t<\/div>\n\t\t\t\t\t\t<\/div>\n\t\t\t\t<\/div>\n\t\t\t\t\t<\/div>\n\t\t\t\t<\/div>\n\t\t\t\t<\/div>\n\t\t","protected":false},"excerpt":{"rendered":"<p>BLOG\/HABERLER<\/p>\n","protected":false},"author":1,"featured_media":0,"parent":0,"menu_order":0,"comment_status":"closed","ping_status":"closed","template":"","meta":{"footnotes":""},"class_list":["post-8114","page","type-page","status-publish","hentry"],"yoast_head":"<!-- This site is optimized with the Yoast SEO plugin v25.0 - https:\/\/yoast.com\/wordpress\/plugins\/seo\/ -->\n<title>Blog\/Haberler -<\/title>\n<meta name=\"robots\" content=\"index, follow, max-snippet:-1, max-image-preview:large, max-video-preview:-1\" \/>\n<link rel=\"canonical\" href=\"https:\/\/inforayachting.com\/tr_tr\/blog-haberler\/\" \/>\n<meta property=\"og:locale\" content=\"tr_TR\" \/>\n<meta property=\"og:type\" content=\"article\" \/>\n<meta property=\"og:title\" content=\"Blog\/Haberler -\" \/>\n<meta property=\"og:description\" content=\"BLOG\/HABERLER\" \/>\n<meta property=\"og:url\" content=\"https:\/\/inforayachting.com\/tr_tr\/blog-haberler\/\" \/>\n<meta property=\"article:modified_time\" content=\"2025-05-10T00:25:12+00:00\" \/>\n<meta name=\"twitter:card\" content=\"summary_large_image\" \/>\n<meta name=\"twitter:label1\" content=\"Tahmini okuma s\u00fcresi\" \/>\n\t<meta name=\"twitter:data1\" content=\"1 dakika\" \/>\n<script type=\"application\/ld+json\" class=\"yoast-schema-graph\">{\"@context\":\"https:\/\/schema.org\",\"@graph\":[{\"@type\":\"WebPage\",\"@id\":\"https:\/\/inforayachting.com\/blog-haberler\/\",\"url\":\"https:\/\/inforayachting.com\/blog-haberler\/\",\"name\":\"Blog\/Haberler -\",\"isPartOf\":{\"@id\":\"https:\/\/inforayachting.com\/#website\"},\"datePublished\":\"2025-05-09T03:01:25+00:00\",\"dateModified\":\"2025-05-10T00:25:12+00:00\",\"breadcrumb\":{\"@id\":\"https:\/\/inforayachting.com\/blog-haberler\/#breadcrumb\"},\"inLanguage\":\"tr\",\"potentialAction\":[{\"@type\":\"ReadAction\",\"target\":[\"https:\/\/inforayachting.com\/blog-haberler\/\"]}]},{\"@type\":\"BreadcrumbList\",\"@id\":\"https:\/\/inforayachting.com\/blog-haberler\/#breadcrumb\",\"itemListElement\":[{\"@type\":\"ListItem\",\"position\":1,\"name\":\"Anasayfa\",\"item\":\"https:\/\/inforayachting.com\/\"},{\"@type\":\"ListItem\",\"position\":2,\"name\":\"Blog\/Haberler\"}]},{\"@type\":\"WebSite\",\"@id\":\"https:\/\/inforayachting.com\/#website\",\"url\":\"https:\/\/inforayachting.com\/\",\"name\":\"\",\"description\":\"\",\"potentialAction\":[{\"@type\":\"SearchAction\",\"target\":{\"@type\":\"EntryPoint\",\"urlTemplate\":\"https:\/\/inforayachting.com\/?s={search_term_string}\"},\"query-input\":{\"@type\":\"PropertyValueSpecification\",\"valueRequired\":true,\"valueName\":\"search_term_string\"}}],\"inLanguage\":\"tr\"}]}<\/script>\n<!-- \/ Yoast SEO plugin. -->","yoast_head_json":{"title":"Blog\/Haberler -","robots":{"index":"index","follow":"follow","max-snippet":"max-snippet:-1","max-image-preview":"max-image-preview:large","max-video-preview":"max-video-preview:-1"},"canonical":"https:\/\/inforayachting.com\/tr_tr\/blog-haberler\/","og_locale":"tr_TR","og_type":"article","og_title":"Blog\/Haberler -","og_description":"BLOG\/HABERLER","og_url":"https:\/\/inforayachting.com\/tr_tr\/blog-haberler\/","article_modified_time":"2025-05-10T00:25:12+00:00","twitter_card":"summary_large_image","twitter_misc":{"Tahmini okuma s\u00fcresi":"1 dakika"},"schema":{"@context":"https:\/\/schema.org","@graph":[{"@type":"WebPage","@id":"https:\/\/inforayachting.com\/blog-haberler\/","url":"https:\/\/inforayachting.com\/blog-haberler\/","name":"Blog\/Haberler -","isPartOf":{"@id":"https:\/\/inforayachting.com\/#website"},"datePublished":"2025-05-09T03:01:25+00:00","dateModified":"2025-05-10T00:25:12+00:00","breadcrumb":{"@id":"https:\/\/inforayachting.com\/blog-haberler\/#breadcrumb"},"inLanguage":"tr","potentialAction":[{"@type":"ReadAction","target":["https:\/\/inforayachting.com\/blog-haberler\/"]}]},{"@type":"BreadcrumbList","@id":"https:\/\/inforayachting.com\/blog-haberler\/#breadcrumb","itemListElement":[{"@type":"ListItem","position":1,"name":"Anasayfa","item":"https:\/\/inforayachting.com\/"},{"@type":"ListItem","position":2,"name":"Blog\/Haberler"}]},{"@type":"WebSite","@id":"https:\/\/inforayachting.com\/#website","url":"https:\/\/inforayachting.com\/","name":"","description":"","potentialAction":[{"@type":"SearchAction","target":{"@type":"EntryPoint","urlTemplate":"https:\/\/inforayachting.com\/?s={search_term_string}"},"query-input":{"@type":"PropertyValueSpecification","valueRequired":true,"valueName":"search_term_string"}}],"inLanguage":"tr"}]}},"_links":{"self":[{"href":"https:\/\/inforayachting.com\/tr_tr\/wp-json\/wp\/v2\/pages\/8114","targetHints":{"allow":["GET"]}}],"collection":[{"href":"https:\/\/inforayachting.com\/tr_tr\/wp-json\/wp\/v2\/pages"}],"about":[{"href":"https:\/\/inforayachting.com\/tr_tr\/wp-json\/wp\/v2\/types\/page"}],"author":[{"embeddable":true,"href":"https:\/\/inforayachting.com\/tr_tr\/wp-json\/wp\/v2\/users\/1"}],"replies":[{"embeddable":true,"href":"https:\/\/inforayachting.com\/tr_tr\/wp-json\/wp\/v2\/comments?post=8114"}],"version-history":[{"count":46,"href":"https:\/\/inforayachting.com\/tr_tr\/wp-json\/wp\/v2\/pages\/8114\/revisions"}],"predecessor-version":[{"id":8175,"href":"https:\/\/inforayachting.com\/tr_tr\/wp-json\/wp\/v2\/pages\/8114\/revisions\/8175"}],"wp:attachment":[{"href":"https:\/\/inforayachting.com\/tr_tr\/wp-json\/wp\/v2\/media?parent=8114"}],"curies":[{"name":"wp","href":"https:\/\/api.w.org\/{rel}","templated":true}]}}